{"id":24,"date":"2025-12-26T10:37:50","date_gmt":"2025-12-26T10:37:50","guid":{"rendered":"https:\/\/movildenda.rkinformatika.online\/?page_id=24"},"modified":"2025-12-26T13:19:17","modified_gmt":"2025-12-26T13:19:17","slug":"servicios","status":"publish","type":"page","link":"https:\/\/movildenda.com\/eu\/servicios\/","title":{"rendered":"Zerbitzuak"},"content":{"rendered":"<div data-elementor-type=\"wp-page\" data-elementor-id=\"24\" class=\"elementor elementor-24\" data-elementor-post-type=\"page\">\n\t\t\t\t<div class=\"elementor-element elementor-element-35be19e e-flex e-con-boxed e-con e-parent\" data-id=\"35be19e\" data-element_type=\"container\" data-e-type=\"container\" data-settings=\"{&quot;background_background&quot;:&quot;classic&quot;}\">\n\t\t\t\t\t<div class=\"e-con-inner\">\n\t\t<div class=\"elementor-element elementor-element-8219009 e-con-full e-flex e-con e-child\" data-id=\"8219009\" data-element_type=\"container\" data-e-type=\"container\">\n\t\t\t\t<\/div>\n\t\t\t\t\t<\/div>\n\t\t\t\t<\/div>\n\t\t<div class=\"elementor-element elementor-element-4bf7b15 e-flex e-con-boxed elementor-invisible e-con e-parent\" data-id=\"4bf7b15\" data-element_type=\"container\" data-e-type=\"container\" data-settings=\"{&quot;animation&quot;:&quot;fadeInDown&quot;}\">\n\t\t\t\t\t<div class=\"e-con-inner\">\n\t\t<div class=\"elementor-element elementor-element-94be87e e-con-full e-flex e-con e-child\" data-id=\"94be87e\" data-element_type=\"container\" data-e-type=\"container\">\n\t\t\t\t<div class=\"elementor-element elementor-element-857360d elementor-invisible elementor-widget elementor-widget-heading\" data-id=\"857360d\" data-element_type=\"widget\" data-e-type=\"widget\" data-settings=\"{&quot;_animation&quot;:&quot;fadeIn&quot;,&quot;_animation_delay&quot;:100}\" data-widget_type=\"heading.default\">\n\t\t\t\t\t<h2 class=\"elementor-heading-title elementor-size-default\">M\u00f3viles, accesorios y reparaciones en un solo lugar<\/h2>\t\t\t\t<\/div>\n\t\t\t\t<div class=\"elementor-element elementor-element-2de009a elementor-widget elementor-widget-text-editor\" data-id=\"2de009a\" data-element_type=\"widget\" data-e-type=\"widget\" data-widget_type=\"text-editor.default\">\n\t\t\t\t\t\t\t\t\t<p data-start=\"166\" data-end=\"531\">Ofrecemos una amplia gama de productos y servicios para cubrir todas tus necesidades tecnol\u00f3gicas. Especializados en la <strong data-start=\"286\" data-end=\"306\">venta de m\u00f3viles<\/strong> de las principales marcas como Samsung, Redmi e iPhone, tambi\u00e9n contamos con una gran variedad de <strong data-start=\"405\" data-end=\"419\">accesorios<\/strong>, incluyendo fundas para m\u00f3viles, tablets y ordenadores, protectores de pantalla, cargadores, cables y cascos.<\/p><p data-start=\"533\" data-end=\"811\">Adem\u00e1s, disponemos de <strong data-start=\"555\" data-end=\"583\">servicio de reparaciones<\/strong>, resolviendo aver\u00edas de manera r\u00e1pida y eficiente. Tambi\u00e9n encontrar\u00e1s en nuestra tienda <strong data-start=\"673\" data-end=\"698\">aparatos electr\u00f3nicos<\/strong> diversos, como radios y otros dispositivos, todo pensado para ofrecerte soluciones completas en un solo lugar.<\/p>\t\t\t\t\t\t\t\t<\/div>\n\t\t\t\t<\/div>\n\t\t<div class=\"elementor-element elementor-element-eb12768 e-con-full e-flex e-con e-child\" data-id=\"eb12768\" data-element_type=\"container\" data-e-type=\"container\">\n\t\t\t\t<div class=\"elementor-element elementor-element-a8657ad elementor-widget elementor-widget-image\" data-id=\"a8657ad\" data-element_type=\"widget\" data-e-type=\"widget\" data-widget_type=\"image.default\">\n\t\t\t\t\t\t\t\t\t\t\t\t\t\t\t<img fetchpriority=\"high\" decoding=\"async\" width=\"1536\" height=\"1024\" src=\"https:\/\/movildenda.com\/wp-content\/uploads\/2025\/12\/ChatGPT-Image-26-de-dez.-de-2025-13_18_06.png\" class=\"elementor-animation-buzz attachment-full size-full wp-image-152\" alt=\"\" srcset=\"https:\/\/movildenda.com\/wp-content\/uploads\/2025\/12\/ChatGPT-Image-26-de-dez.-de-2025-13_18_06.png 1536w, https:\/\/movildenda.com\/wp-content\/uploads\/2025\/12\/ChatGPT-Image-26-de-dez.-de-2025-13_18_06-300x200.png 300w, https:\/\/movildenda.com\/wp-content\/uploads\/2025\/12\/ChatGPT-Image-26-de-dez.-de-2025-13_18_06-1024x683.png 1024w, https:\/\/movildenda.com\/wp-content\/uploads\/2025\/12\/ChatGPT-Image-26-de-dez.-de-2025-13_18_06-768x512.png 768w, https:\/\/movildenda.com\/wp-content\/uploads\/2025\/12\/ChatGPT-Image-26-de-dez.-de-2025-13_18_06-18x12.png 18w\" sizes=\"(max-width: 1536px) 100vw, 1536px\" \/>\t\t\t\t\t\t\t\t\t\t\t\t\t\t\t<\/div>\n\t\t\t\t<div class=\"elementor-element elementor-element-f838dd7 elementor-widget elementor-widget-image\" data-id=\"f838dd7\" data-element_type=\"widget\" data-e-type=\"widget\" data-widget_type=\"image.default\">\n\t\t\t\t\t\t\t\t\t\t\t\t\t\t\t<img decoding=\"async\" width=\"1536\" height=\"1024\" src=\"https:\/\/movildenda.com\/wp-content\/uploads\/2025\/12\/ChatGPT-Image-26-de-dez.-de-2025-13_08_00.png\" class=\"elementor-animation-buzz attachment-full size-full wp-image-135\" alt=\"\" srcset=\"https:\/\/movildenda.com\/wp-content\/uploads\/2025\/12\/ChatGPT-Image-26-de-dez.-de-2025-13_08_00.png 1536w, https:\/\/movildenda.com\/wp-content\/uploads\/2025\/12\/ChatGPT-Image-26-de-dez.-de-2025-13_08_00-300x200.png 300w, https:\/\/movildenda.com\/wp-content\/uploads\/2025\/12\/ChatGPT-Image-26-de-dez.-de-2025-13_08_00-1024x683.png 1024w, https:\/\/movildenda.com\/wp-content\/uploads\/2025\/12\/ChatGPT-Image-26-de-dez.-de-2025-13_08_00-768x512.png 768w, https:\/\/movildenda.com\/wp-content\/uploads\/2025\/12\/ChatGPT-Image-26-de-dez.-de-2025-13_08_00-18x12.png 18w\" sizes=\"(max-width: 1536px) 100vw, 1536px\" \/>\t\t\t\t\t\t\t\t\t\t\t\t\t\t\t<\/div>\n\t\t\t\t<\/div>\n\t\t\t\t\t<\/div>\n\t\t\t\t<\/div>\n\t\t<div class=\"elementor-element elementor-element-5c416a2 e-flex e-con-boxed e-con e-parent\" data-id=\"5c416a2\" data-element_type=\"container\" data-e-type=\"container\" data-settings=\"{&quot;background_background&quot;:&quot;classic&quot;}\">\n\t\t\t\t\t<div class=\"e-con-inner\">\n\t\t\t\t<div class=\"elementor-element elementor-element-8273b17 elementor-invisible elementor-widget elementor-widget-heading\" data-id=\"8273b17\" data-element_type=\"widget\" data-e-type=\"widget\" data-settings=\"{&quot;_animation&quot;:&quot;fadeInRight&quot;}\" data-widget_type=\"heading.default\">\n\t\t\t\t\t<h2 class=\"elementor-heading-title elementor-size-default\">Tu consulta empieza aqu\u00ed, cont\u00e1ctanos.<\/h2>\t\t\t\t<\/div>\n\t\t\t\t<div class=\"elementor-element elementor-element-a934d8e elementor-invisible elementor-widget elementor-widget-button\" data-id=\"a934d8e\" data-element_type=\"widget\" data-e-type=\"widget\" data-settings=\"{&quot;_animation&quot;:&quot;fadeInLeft&quot;}\" data-widget_type=\"button.default\">\n\t\t\t\t\t\t\t\t\t\t<a class=\"elementor-button elementor-button-link elementor-size-sm elementor-animation-float\" href=\"https:\/\/movildenda.com\/eu\/contacto\/\">\n\t\t\t\t\t\t<span class=\"elementor-button-content-wrapper\">\n\t\t\t\t\t\t\t\t\t<span class=\"elementor-button-text\">Cont\u00e1ctanos<\/span>\n\t\t\t\t\t<\/span>\n\t\t\t\t\t<\/a>\n\t\t\t\t\t\t\t\t<\/div>\n\t\t\t\t\t<\/div>\n\t\t\t\t<\/div>\n\t\t\t\t<\/div>","protected":false},"excerpt":{"rendered":"<p>M\u00f3viles, accesorios y reparaciones en un solo lugar Ofrecemos una amplia gama de productos y servicios para cubrir todas tus necesidades tecnol\u00f3gicas. Especializados en la venta de m\u00f3viles de las principales marcas como Samsung, Redmi e iPhone, tambi\u00e9n contamos con una gran variedad de accesorios, incluyendo fundas para m\u00f3viles, tablets y ordenadores, protectores de pantalla, [&hellip;]<\/p>\n","protected":false},"author":1,"featured_media":0,"parent":0,"menu_order":0,"comment_status":"closed","ping_status":"closed","template":"elementor_canvas","meta":{"footnotes":""},"class_list":["post-24","page","type-page","status-publish","hentry"],"yoast_head":"<!-- This site is optimized with the Yoast SEO plugin v27.4 - https:\/\/yoast.com\/product\/yoast-seo-wordpress\/ -->\n<title>Servicios - Movil Denda<\/title>\n<meta name=\"robots\" content=\"index, follow, max-snippet:-1, max-image-preview:large, max-video-preview:-1\" \/>\n<link rel=\"canonical\" href=\"https:\/\/movildenda.com\/eu\/servicios\/\" \/>\n<meta property=\"og:locale\" content=\"en_US\" \/>\n<meta property=\"og:type\" content=\"article\" \/>\n<meta property=\"og:title\" content=\"Servicios - Movil Denda\" \/>\n<meta property=\"og:description\" content=\"M\u00f3viles, accesorios y reparaciones en un solo lugar Ofrecemos una amplia gama de productos y servicios para cubrir todas tus necesidades tecnol\u00f3gicas. Especializados en la venta de m\u00f3viles de las principales marcas como Samsung, Redmi e iPhone, tambi\u00e9n contamos con una gran variedad de accesorios, incluyendo fundas para m\u00f3viles, tablets y ordenadores, protectores de pantalla, [&hellip;]\" \/>\n<meta property=\"og:url\" content=\"https:\/\/movildenda.com\/eu\/servicios\/\" \/>\n<meta property=\"og:site_name\" content=\"Movil Denda\" \/>\n<meta property=\"article:modified_time\" content=\"2025-12-26T13:19:17+00:00\" \/>\n<meta property=\"og:image\" content=\"https:\/\/movildenda.com\/wp-content\/uploads\/2025\/12\/ChatGPT-Image-26-de-dez.-de-2025-13_18_06.png\" \/>\n\t<meta property=\"og:image:width\" content=\"1536\" \/>\n\t<meta property=\"og:image:height\" content=\"1024\" \/>\n\t<meta property=\"og:image:type\" content=\"image\/png\" \/>\n<meta name=\"twitter:card\" content=\"summary_large_image\" \/>\n<meta name=\"twitter:label1\" content=\"Est. reading time\" \/>\n\t<meta name=\"twitter:data1\" content=\"1 minutua\" \/>\n<script type=\"application\/ld+json\" class=\"yoast-schema-graph\">{\"@context\":\"https:\\\/\\\/schema.org\",\"@graph\":[{\"@type\":\"WebPage\",\"@id\":\"https:\\\/\\\/movildenda.com\\\/servicios\\\/\",\"url\":\"https:\\\/\\\/movildenda.com\\\/servicios\\\/\",\"name\":\"Servicios - Movil Denda\",\"isPartOf\":{\"@id\":\"https:\\\/\\\/movildenda.com\\\/#website\"},\"primaryImageOfPage\":{\"@id\":\"https:\\\/\\\/movildenda.com\\\/servicios\\\/#primaryimage\"},\"image\":{\"@id\":\"https:\\\/\\\/movildenda.com\\\/servicios\\\/#primaryimage\"},\"thumbnailUrl\":\"https:\\\/\\\/movildenda.com\\\/wp-content\\\/uploads\\\/2025\\\/12\\\/ChatGPT-Image-26-de-dez.-de-2025-13_18_06.png\",\"datePublished\":\"2025-12-26T10:37:50+00:00\",\"dateModified\":\"2025-12-26T13:19:17+00:00\",\"breadcrumb\":{\"@id\":\"https:\\\/\\\/movildenda.com\\\/servicios\\\/#breadcrumb\"},\"inLanguage\":\"eu\",\"potentialAction\":[{\"@type\":\"ReadAction\",\"target\":[\"https:\\\/\\\/movildenda.com\\\/servicios\\\/\"]}]},{\"@type\":\"ImageObject\",\"inLanguage\":\"eu\",\"@id\":\"https:\\\/\\\/movildenda.com\\\/servicios\\\/#primaryimage\",\"url\":\"https:\\\/\\\/movildenda.com\\\/wp-content\\\/uploads\\\/2025\\\/12\\\/ChatGPT-Image-26-de-dez.-de-2025-13_18_06.png\",\"contentUrl\":\"https:\\\/\\\/movildenda.com\\\/wp-content\\\/uploads\\\/2025\\\/12\\\/ChatGPT-Image-26-de-dez.-de-2025-13_18_06.png\"},{\"@type\":\"BreadcrumbList\",\"@id\":\"https:\\\/\\\/movildenda.com\\\/servicios\\\/#breadcrumb\",\"itemListElement\":[{\"@type\":\"ListItem\",\"position\":1,\"name\":\"Portada\",\"item\":\"https:\\\/\\\/movildenda.com\\\/\"},{\"@type\":\"ListItem\",\"position\":2,\"name\":\"Servicios\"}]},{\"@type\":\"WebSite\",\"@id\":\"https:\\\/\\\/movildenda.com\\\/#website\",\"url\":\"https:\\\/\\\/movildenda.com\\\/\",\"name\":\"Movil Denda\",\"description\":\"\",\"publisher\":{\"@id\":\"https:\\\/\\\/movildenda.com\\\/#organization\"},\"potentialAction\":[{\"@type\":\"SearchAction\",\"target\":{\"@type\":\"EntryPoint\",\"urlTemplate\":\"https:\\\/\\\/movildenda.com\\\/?s={search_term_string}\"},\"query-input\":{\"@type\":\"PropertyValueSpecification\",\"valueRequired\":true,\"valueName\":\"search_term_string\"}}],\"inLanguage\":\"eu\"},{\"@type\":\"Organization\",\"@id\":\"https:\\\/\\\/movildenda.com\\\/#organization\",\"name\":\"Movil Denda\",\"url\":\"https:\\\/\\\/movildenda.com\\\/\",\"logo\":{\"@type\":\"ImageObject\",\"inLanguage\":\"eu\",\"@id\":\"https:\\\/\\\/movildenda.com\\\/#\\\/schema\\\/logo\\\/image\\\/\",\"url\":\"https:\\\/\\\/movildenda.com\\\/wp-content\\\/uploads\\\/2025\\\/12\\\/cropped-logo.png\",\"contentUrl\":\"https:\\\/\\\/movildenda.com\\\/wp-content\\\/uploads\\\/2025\\\/12\\\/cropped-logo.png\",\"width\":500,\"height\":500,\"caption\":\"Movil Denda\"},\"image\":{\"@id\":\"https:\\\/\\\/movildenda.com\\\/#\\\/schema\\\/logo\\\/image\\\/\"}}]}<\/script>\n<!-- \/ Yoast SEO plugin. -->","yoast_head_json":{"title":"Servicios - Movil Denda","robots":{"index":"index","follow":"follow","max-snippet":"max-snippet:-1","max-image-preview":"max-image-preview:large","max-video-preview":"max-video-preview:-1"},"canonical":"https:\/\/movildenda.com\/eu\/servicios\/","og_locale":"en_US","og_type":"article","og_title":"Servicios - Movil Denda","og_description":"M\u00f3viles, accesorios y reparaciones en un solo lugar Ofrecemos una amplia gama de productos y servicios para cubrir todas tus necesidades tecnol\u00f3gicas. Especializados en la venta de m\u00f3viles de las principales marcas como Samsung, Redmi e iPhone, tambi\u00e9n contamos con una gran variedad de accesorios, incluyendo fundas para m\u00f3viles, tablets y ordenadores, protectores de pantalla, [&hellip;]","og_url":"https:\/\/movildenda.com\/eu\/servicios\/","og_site_name":"Movil Denda","article_modified_time":"2025-12-26T13:19:17+00:00","og_image":[{"width":1536,"height":1024,"url":"https:\/\/movildenda.com\/wp-content\/uploads\/2025\/12\/ChatGPT-Image-26-de-dez.-de-2025-13_18_06.png","type":"image\/png"}],"twitter_card":"summary_large_image","twitter_misc":{"Est. reading time":"1 minutua"},"schema":{"@context":"https:\/\/schema.org","@graph":[{"@type":"WebPage","@id":"https:\/\/movildenda.com\/servicios\/","url":"https:\/\/movildenda.com\/servicios\/","name":"Servicios - Movil Denda","isPartOf":{"@id":"https:\/\/movildenda.com\/#website"},"primaryImageOfPage":{"@id":"https:\/\/movildenda.com\/servicios\/#primaryimage"},"image":{"@id":"https:\/\/movildenda.com\/servicios\/#primaryimage"},"thumbnailUrl":"https:\/\/movildenda.com\/wp-content\/uploads\/2025\/12\/ChatGPT-Image-26-de-dez.-de-2025-13_18_06.png","datePublished":"2025-12-26T10:37:50+00:00","dateModified":"2025-12-26T13:19:17+00:00","breadcrumb":{"@id":"https:\/\/movildenda.com\/servicios\/#breadcrumb"},"inLanguage":"eu","potentialAction":[{"@type":"ReadAction","target":["https:\/\/movildenda.com\/servicios\/"]}]},{"@type":"ImageObject","inLanguage":"eu","@id":"https:\/\/movildenda.com\/servicios\/#primaryimage","url":"https:\/\/movildenda.com\/wp-content\/uploads\/2025\/12\/ChatGPT-Image-26-de-dez.-de-2025-13_18_06.png","contentUrl":"https:\/\/movildenda.com\/wp-content\/uploads\/2025\/12\/ChatGPT-Image-26-de-dez.-de-2025-13_18_06.png"},{"@type":"BreadcrumbList","@id":"https:\/\/movildenda.com\/servicios\/#breadcrumb","itemListElement":[{"@type":"ListItem","position":1,"name":"Portada","item":"https:\/\/movildenda.com\/"},{"@type":"ListItem","position":2,"name":"Servicios"}]},{"@type":"WebSite","@id":"https:\/\/movildenda.com\/#website","url":"https:\/\/movildenda.com\/","name":"Movil Denda","description":"","publisher":{"@id":"https:\/\/movildenda.com\/#organization"},"potentialAction":[{"@type":"SearchAction","target":{"@type":"EntryPoint","urlTemplate":"https:\/\/movildenda.com\/?s={search_term_string}"},"query-input":{"@type":"PropertyValueSpecification","valueRequired":true,"valueName":"search_term_string"}}],"inLanguage":"eu"},{"@type":"Organization","@id":"https:\/\/movildenda.com\/#organization","name":"Movil Denda","url":"https:\/\/movildenda.com\/","logo":{"@type":"ImageObject","inLanguage":"eu","@id":"https:\/\/movildenda.com\/#\/schema\/logo\/image\/","url":"https:\/\/movildenda.com\/wp-content\/uploads\/2025\/12\/cropped-logo.png","contentUrl":"https:\/\/movildenda.com\/wp-content\/uploads\/2025\/12\/cropped-logo.png","width":500,"height":500,"caption":"Movil Denda"},"image":{"@id":"https:\/\/movildenda.com\/#\/schema\/logo\/image\/"}}]}},"_links":{"self":[{"href":"https:\/\/movildenda.com\/eu\/wp-json\/wp\/v2\/pages\/24","targetHints":{"allow":["GET"]}}],"collection":[{"href":"https:\/\/movildenda.com\/eu\/wp-json\/wp\/v2\/pages"}],"about":[{"href":"https:\/\/movildenda.com\/eu\/wp-json\/wp\/v2\/types\/page"}],"author":[{"embeddable":true,"href":"https:\/\/movildenda.com\/eu\/wp-json\/wp\/v2\/users\/1"}],"replies":[{"embeddable":true,"href":"https:\/\/movildenda.com\/eu\/wp-json\/wp\/v2\/comments?post=24"}],"version-history":[{"count":43,"href":"https:\/\/movildenda.com\/eu\/wp-json\/wp\/v2\/pages\/24\/revisions"}],"predecessor-version":[{"id":220,"href":"https:\/\/movildenda.com\/eu\/wp-json\/wp\/v2\/pages\/24\/revisions\/220"}],"wp:attachment":[{"href":"https:\/\/movildenda.com\/eu\/wp-json\/wp\/v2\/media?parent=24"}],"curies":[{"name":"wp","href":"https:\/\/api.w.org\/{rel}","templated":true}]}}